{"id":463,"date":"2019-01-09T10:43:35","date_gmt":"2019-01-09T10:43:35","guid":{"rendered":"https:\/\/demo.deothemes.com\/sedona\/?page_id=463"},"modified":"2022-04-14T11:28:08","modified_gmt":"2022-04-14T14:28:08","slug":"servicios","status":"publish","type":"page","link":"https:\/\/intersecta.cl\/arquitectura\/index.php\/servicios\/","title":{"rendered":"Servicios"},"content":{"rendered":"\t\t<div data-elementor-type=\"wp-post\" data-elementor-id=\"463\" class=\"elementor elementor-463\">\n\t\t\t\t\t\t\t\t\t<section class=\"elementor-section elementor-top-section elementor-element elementor-element-29d0e94 elementor-section-boxed elementor-section-height-default elementor-section-height-default\" data-id=\"29d0e94\" data-element_type=\"section\">\n\t\t\t\t\t\t<div class=\"elementor-container elementor-column-gap-no\">\n\t\t\t\t\t<div class=\"elementor-column elementor-col-100 elementor-top-column elementor-element elementor-element-f217a50\" data-id=\"f217a50\" data-element_type=\"column\">\n\t\t\t<div class=\"elementor-widget-wrap elementor-element-populated\">\n\t\t\t\t\t\t\t\t<div class=\"elementor-element elementor-element-def8ceb elementor-widget elementor-widget-spacer\" data-id=\"def8ceb\" data-element_type=\"widget\" data-widget_type=\"spacer.default\">\n\t\t\t\t<div class=\"elementor-widget-container\">\n\t\t\t<style>\/*! elementor - v3.6.4 - 13-04-2022 *\/\n.e-container.e-container--row .elementor-spacer-inner{width:var(--spacer-size)}.e-container.e-container--column .elementor-spacer-inner,.elementor-column .elementor-spacer-inner{height:var(--spacer-size)}<\/style>\t\t<div class=\"elementor-spacer\">\n\t\t\t<div class=\"elementor-spacer-inner\"><\/div>\n\t\t<\/div>\n\t\t\t\t<\/div>\n\t\t\t\t<\/div>\n\t\t\t\t<div class=\"elementor-element elementor-element-bb40dc9 elementor-widget elementor-widget-spacer\" data-id=\"bb40dc9\" data-element_type=\"widget\" data-widget_type=\"spacer.default\">\n\t\t\t\t<div class=\"elementor-widget-container\">\n\t\t\t\t\t<div class=\"elementor-spacer\">\n\t\t\t<div class=\"elementor-spacer-inner\"><\/div>\n\t\t<\/div>\n\t\t\t\t<\/div>\n\t\t\t\t<\/div>\n\t\t\t\t<section class=\"elementor-section elementor-inner-section elementor-element elementor-element-882ec52 elementor-section-boxed elementor-section-height-default elementor-section-height-default\" data-id=\"882ec52\" data-element_type=\"section\" data-settings=\"{&quot;background_background&quot;:&quot;classic&quot;}\">\n\t\t\t\t\t\t<div class=\"elementor-container elementor-column-gap-default\">\n\t\t\t\t\t<div class=\"elementor-column elementor-col-33 elementor-inner-column elementor-element elementor-element-4ab3fde\" data-id=\"4ab3fde\" data-element_type=\"column\">\n\t\t\t<div class=\"elementor-widget-wrap\">\n\t\t\t\t\t\t\t\t\t<\/div>\n\t\t<\/div>\n\t\t\t\t<div class=\"elementor-column elementor-col-33 elementor-inner-column elementor-element elementor-element-7d07e77\" data-id=\"7d07e77\" data-element_type=\"column\">\n\t\t\t<div class=\"elementor-widget-wrap elementor-element-populated\">\n\t\t\t\t\t\t\t\t<div class=\"elementor-element elementor-element-4a87fe6 elementor-widget elementor-widget-spacer\" data-id=\"4a87fe6\" data-element_type=\"widget\" data-widget_type=\"spacer.default\">\n\t\t\t\t<div class=\"elementor-widget-container\">\n\t\t\t\t\t<div class=\"elementor-spacer\">\n\t\t\t<div class=\"elementor-spacer-inner\"><\/div>\n\t\t<\/div>\n\t\t\t\t<\/div>\n\t\t\t\t<\/div>\n\t\t\t\t<div class=\"elementor-element elementor-element-c62456f elementor-widget elementor-widget-heading\" data-id=\"c62456f\" data-element_type=\"widget\" data-widget_type=\"heading.default\">\n\t\t\t\t<div class=\"elementor-widget-container\">\n\t\t\t<style>\/*! elementor - v3.6.4 - 13-04-2022 *\/\n.elementor-heading-title{padding:0;margin:0;line-height:1}.elementor-widget-heading .elementor-heading-title[class*=elementor-size-]>a{color:inherit;font-size:inherit;line-height:inherit}.elementor-widget-heading .elementor-heading-title.elementor-size-small{font-size:15px}.elementor-widget-heading .elementor-heading-title.elementor-size-medium{font-size:19px}.elementor-widget-heading .elementor-heading-title.elementor-size-large{font-size:29px}.elementor-widget-heading .elementor-heading-title.elementor-size-xl{font-size:39px}.elementor-widget-heading .elementor-heading-title.elementor-size-xxl{font-size:59px}<\/style><h1 class=\"elementor-heading-title elementor-size-default\">Servicios<\/h1>\t\t<\/div>\n\t\t\t\t<\/div>\n\t\t\t\t<div class=\"elementor-element elementor-element-512170d elementor-widget elementor-widget-heading\" data-id=\"512170d\" data-element_type=\"widget\" data-widget_type=\"heading.default\">\n\t\t\t\t<div class=\"elementor-widget-container\">\n\t\t\t<p class=\"elementor-heading-title elementor-size-medium\">Creamos un equipo experto para cada proyecto.<\/p>\t\t<\/div>\n\t\t\t\t<\/div>\n\t\t\t\t<div class=\"elementor-element elementor-element-3f32574 elementor-widget elementor-widget-spacer\" data-id=\"3f32574\" data-element_type=\"widget\" data-widget_type=\"spacer.default\">\n\t\t\t\t<div class=\"elementor-widget-container\">\n\t\t\t\t\t<div class=\"elementor-spacer\">\n\t\t\t<div class=\"elementor-spacer-inner\"><\/div>\n\t\t<\/div>\n\t\t\t\t<\/div>\n\t\t\t\t<\/div>\n\t\t\t\t\t<\/div>\n\t\t<\/div>\n\t\t\t\t<div class=\"elementor-column elementor-col-33 elementor-inner-column elementor-element elementor-element-a38a892\" data-id=\"a38a892\" data-element_type=\"column\">\n\t\t\t<div class=\"elementor-widget-wrap\">\n\t\t\t\t\t\t\t\t\t<\/div>\n\t\t<\/div>\n\t\t\t\t\t\t\t<\/div>\n\t\t<\/section>\n\t\t\t\t<section class=\"elementor-section elementor-inner-section elementor-element elementor-element-2ac9c9e elementor-section-boxed elementor-section-height-default elementor-section-height-default\" data-id=\"2ac9c9e\" data-element_type=\"section\">\n\t\t\t\t\t\t<div class=\"elementor-container elementor-column-gap-default\">\n\t\t\t\t\t<div class=\"elementor-column elementor-col-100 elementor-inner-column elementor-element elementor-element-526e286\" data-id=\"526e286\" data-element_type=\"column\">\n\t\t\t<div class=\"elementor-widget-wrap elementor-element-populated\">\n\t\t\t\t\t\t\t\t<div class=\"elementor-element elementor-element-c3ae9b5 elementor-widget elementor-widget-spacer\" data-id=\"c3ae9b5\" data-element_type=\"widget\" data-widget_type=\"spacer.default\">\n\t\t\t\t<div class=\"elementor-widget-container\">\n\t\t\t\t\t<div class=\"elementor-spacer\">\n\t\t\t<div class=\"elementor-spacer-inner\"><\/div>\n\t\t<\/div>\n\t\t\t\t<\/div>\n\t\t\t\t<\/div>\n\t\t\t\t<div class=\"elementor-element elementor-element-dad41bb elementor-widget elementor-widget-deo-widget-services\" data-id=\"dad41bb\" data-element_type=\"widget\" data-settings=\"{&quot;per_row&quot;:&quot;3&quot;}\" data-widget_type=\"deo-widget-services.default\">\n\t\t\t\t<div class=\"elementor-widget-container\">\n\t\t\t<div class=\"row card-row\">\t\t\t\t\t\t<div class=\"col-lg-4 col-md-6\">\r\n\t\t\t\t<div class=\"service-1 service-1--has-image post-1833 services type-services status-publish format-standard has-post-thumbnail hentry\">\r\n\t\t\t\t\t\r\n\t\t\t\t\t\t\t\t\t\t\t<a href=\"https:\/\/intersecta.cl\/arquitectura\/index.php\/services\/desarrollo-proyectos\/\" class=\"service-1__url card\">\r\n\t\t\t\t\t\r\n\t\t\t\t\t\t\t\t\t\t\t\t\t<div class=\"service-1__thumb bg-dark-overlay--50\" style=\"background-image: url( https:\/\/intersecta.cl\/arquitectura\/wp-content\/uploads\/2022\/03\/P1210242-1-350x501.jpg)\">\r\n\t\t\t\t\t\t\t<\/div>\r\n\t\t\t\t\t\t\r\n\t\t\t\t\t\t<div class=\"service-1__info\">\r\n\t\t\t\t\t\t\t\t\t<h3 class=\"service-1__title\">\r\n\t\t\tDesarrollo de Proyectos\t\t<\/h3>\r\n\t\t\t\t\t\t\t\t\t<p class=\"service-1__text\">Nuestra experiencia con \u00e1reas de infraestructura de grandes empresas, donde ejercemos funciones de coordinaci\u00f3n y obra, nos permite abordar los proyectos de manera integral y eficiente.<\/p>\t\t\t\t\t\t<\/div>\r\n\r\n\t\t\t\t\t\t<div class=\"service-1__footer card__footer\">\r\n\t\t\t\t\t\t\t\t\t\t<!-- Read More -->\r\n\t\t\t<span class=\"service-1__read-more read-more\">\r\n\t\t\t\t<span class=\"read-more__text\">\r\n\t\t\t\t\tLeer M\u00e1s\t\t\t\t<\/span>\r\n\t\t\t\t<i class=\"ui-arrow-right read-more__icon\"><\/i>\r\n\t\t\t<\/span>\r\n\t\t\t\t\t\t\t\t<\/div>\r\n\t\t\t\t\t\r\n\t\t\t\t\t\t\t\t\t\t\t<\/a>\r\n\t\t\t\t\t\r\n\t\t\t\t<\/div>\r\n\t\t\t<\/div>\r\n\r\n\t\t\t\t\t\t\t\t\t<div class=\"col-lg-4 col-md-6\">\r\n\t\t\t\t<div class=\"service-1 service-1--has-image post-1848 services type-services status-publish format-standard has-post-thumbnail hentry\">\r\n\t\t\t\t\t\r\n\t\t\t\t\t\t\t\t\t\t\t<a href=\"https:\/\/intersecta.cl\/arquitectura\/index.php\/services\/asesorias-y-gestiones\/\" class=\"service-1__url card\">\r\n\t\t\t\t\t\r\n\t\t\t\t\t\t\t\t\t\t\t\t\t<div class=\"service-1__thumb bg-dark-overlay--50\" style=\"background-image: url( https:\/\/intersecta.cl\/arquitectura\/wp-content\/uploads\/2022\/03\/35538-350x501.jpg)\">\r\n\t\t\t\t\t\t\t<\/div>\r\n\t\t\t\t\t\t\r\n\t\t\t\t\t\t<div class=\"service-1__info\">\r\n\t\t\t\t\t\t\t\t\t<h3 class=\"service-1__title\">\r\n\t\t\tGerencia de Proyectos\t\t<\/h3>\r\n\t\t\t\t\t\t\t\t\t<p class=\"service-1__text\">La Gerencia de Proyectos es una modalidad de servicio estrat\u00e9gica y moderna que utilizan grandes empresas y consiste en externalizar de manera integral, todos o casi todos los procesos asociados a la gesti\u00f3n y coordinaci\u00f3n de uno \u00f3 un conjunto de proyectos.<\/p>\t\t\t\t\t\t<\/div>\r\n\r\n\t\t\t\t\t\t<div class=\"service-1__footer card__footer\">\r\n\t\t\t\t\t\t\t\t\t\t<!-- Read More -->\r\n\t\t\t<span class=\"service-1__read-more read-more\">\r\n\t\t\t\t<span class=\"read-more__text\">\r\n\t\t\t\t\tLeer M\u00e1s\t\t\t\t<\/span>\r\n\t\t\t\t<i class=\"ui-arrow-right read-more__icon\"><\/i>\r\n\t\t\t<\/span>\r\n\t\t\t\t\t\t\t\t<\/div>\r\n\t\t\t\t\t\r\n\t\t\t\t\t\t\t\t\t\t\t<\/a>\r\n\t\t\t\t\t\r\n\t\t\t\t<\/div>\r\n\t\t\t<\/div>\r\n\r\n\t\t\t\t\t\t\t\t\t<div class=\"col-lg-4 col-md-6\">\r\n\t\t\t\t<div class=\"service-1 service-1--has-image post-1843 services type-services status-publish format-standard has-post-thumbnail hentry\">\r\n\t\t\t\t\t\r\n\t\t\t\t\t\t\t\t\t\t\t<a href=\"https:\/\/intersecta.cl\/arquitectura\/index.php\/services\/inspeccion-obra\/\" class=\"service-1__url card\">\r\n\t\t\t\t\t\r\n\t\t\t\t\t\t\t\t\t\t\t\t\t<div class=\"service-1__thumb bg-dark-overlay--50\" style=\"background-image: url( https:\/\/intersecta.cl\/arquitectura\/wp-content\/uploads\/2022\/03\/inspeccion2-350x501.jpg)\">\r\n\t\t\t\t\t\t\t<\/div>\r\n\t\t\t\t\t\t\r\n\t\t\t\t\t\t<div class=\"service-1__info\">\r\n\t\t\t\t\t\t\t\t\t<h3 class=\"service-1__title\">\r\n\t\t\tInspecci\u00f3n T\u00e9cnica de Obra\t\t<\/h3>\r\n\t\t\t\t\t\t\t\t\t<p class=\"service-1__text\">Nuestro servicio de Inspecci\u00f3n T\u00e9cnica de Obra, llevado por profesionales id\u00f3neos, se adapta a las necesidades y presupuestos del cliente, permitiendo distintas modalidades.<\/p>\t\t\t\t\t\t<\/div>\r\n\r\n\t\t\t\t\t\t<div class=\"service-1__footer card__footer\">\r\n\t\t\t\t\t\t\t\t\t\t<!-- Read More -->\r\n\t\t\t<span class=\"service-1__read-more read-more\">\r\n\t\t\t\t<span class=\"read-more__text\">\r\n\t\t\t\t\tLeer M\u00e1s\t\t\t\t<\/span>\r\n\t\t\t\t<i class=\"ui-arrow-right read-more__icon\"><\/i>\r\n\t\t\t<\/span>\r\n\t\t\t\t\t\t\t\t<\/div>\r\n\t\t\t\t\t\r\n\t\t\t\t\t\t\t\t\t\t\t<\/a>\r\n\t\t\t\t\t\r\n\t\t\t\t<\/div>\r\n\t\t\t<\/div>\r\n\r\n\t\t\t\t\t\t\t\t\t<div class=\"col-lg-4 col-md-6\">\r\n\t\t\t\t<div class=\"service-1 service-1--has-image post-1838 services type-services status-publish format-standard has-post-thumbnail hentry\">\r\n\t\t\t\t\t\r\n\t\t\t\t\t\t\t\t\t\t\t<a href=\"https:\/\/intersecta.cl\/arquitectura\/index.php\/services\/gerencia-proyectos\/\" class=\"service-1__url card\">\r\n\t\t\t\t\t\r\n\t\t\t\t\t\t\t\t\t\t\t\t\t<div class=\"service-1__thumb bg-dark-overlay--50\" style=\"background-image: url( https:\/\/intersecta.cl\/arquitectura\/wp-content\/uploads\/2019\/01\/ACHS-0054-350x467.jpeg)\">\r\n\t\t\t\t\t\t\t<\/div>\r\n\t\t\t\t\t\t\r\n\t\t\t\t\t\t<div class=\"service-1__info\">\r\n\t\t\t\t\t\t\t\t\t<h3 class=\"service-1__title\">\r\n\t\t\tOtras Asesor\u00edas y Gestiones\t\t<\/h3>\r\n\t\t\t\t\t\t\t\t\t<p class=\"service-1__text\">Nuestra experiencia con \u00e1reas de infraestructura de grandes empresas, junto a nuestra flexibilidad y capacidad de adaptaci\u00f3n al cliente, nos ha permitido desarrollar otros servicios asociados a los anteriores, para lo cual incorporamos a los profesionales especialistas que se requieran. <\/p>\t\t\t\t\t\t<\/div>\r\n\r\n\t\t\t\t\t\t<div class=\"service-1__footer card__footer\">\r\n\t\t\t\t\t\t\t\t\t\t<!-- Read More -->\r\n\t\t\t<span class=\"service-1__read-more read-more\">\r\n\t\t\t\t<span class=\"read-more__text\">\r\n\t\t\t\t\tLeer M\u00e1s\t\t\t\t<\/span>\r\n\t\t\t\t<i class=\"ui-arrow-right read-more__icon\"><\/i>\r\n\t\t\t<\/span>\r\n\t\t\t\t\t\t\t\t<\/div>\r\n\t\t\t\t\t\r\n\t\t\t\t\t\t\t\t\t\t\t<\/a>\r\n\t\t\t\t\t\r\n\t\t\t\t<\/div>\r\n\t\t\t<\/div>\r\n\r\n\t\t\t\t\t\t\t\t\t<div class=\"col-lg-4 col-md-6\">\r\n\t\t\t\t<div class=\"service-1 service-1--has-image post-2469 services type-services status-publish format-standard has-post-thumbnail hentry\">\r\n\t\t\t\t\t\r\n\t\t\t\t\t\t\t\t\t\t\t<a href=\"https:\/\/intersecta.cl\/gestioninmobiliaria\" class=\"service-1__url card\">\r\n\t\t\t\t\t\r\n\t\t\t\t\t\t\t\t\t\t\t\t\t<div class=\"service-1__thumb bg-dark-overlay--50\" style=\"background-image: url( https:\/\/intersecta.cl\/arquitectura\/wp-content\/uploads\/2022\/03\/gestion1-scaled-e1646349319695-350x501.jpeg)\">\r\n\t\t\t\t\t\t\t<\/div>\r\n\t\t\t\t\t\t\r\n\t\t\t\t\t\t<div class=\"service-1__info\">\r\n\t\t\t\t\t\t\t\t\t<h3 class=\"service-1__title\">\r\n\t\t\tGesti\u00f3n Inmobiliaria\t\t<\/h3>\r\n\t\t\t\t\t\t\t\t\t<p class=\"service-1__text\">Servicios de evaluaci\u00f3n y b\u00fasqueda de terrenos o propiedades para inversi\u00f3n; desarrollo de proyectos de loteos, condominios; tasaciones; tramitaciones y gestiones varias; asesor\u00edas inmobiliarias.<\/p>\t\t\t\t\t\t<\/div>\r\n\r\n\t\t\t\t\t\t<div class=\"service-1__footer card__footer\">\r\n\t\t\t\t\t\t\t\t\t\t<!-- Read More -->\r\n\t\t\t<span class=\"service-1__read-more read-more\">\r\n\t\t\t\t<span class=\"read-more__text\">\r\n\t\t\t\t\tLeer M\u00e1s\t\t\t\t<\/span>\r\n\t\t\t\t<i class=\"ui-arrow-right read-more__icon\"><\/i>\r\n\t\t\t<\/span>\r\n\t\t\t\t\t\t\t\t<\/div>\r\n\t\t\t\t\t\r\n\t\t\t\t\t\t\t\t\t\t\t<\/a>\r\n\t\t\t\t\t\r\n\t\t\t\t<\/div>\r\n\t\t\t<\/div>\r\n\r\n\t\t\t<\/div>\t\t<\/div>\n\t\t\t\t<\/div>\n\t\t\t\t<div class=\"elementor-element elementor-element-8800019 elementor-widget elementor-widget-spacer\" data-id=\"8800019\" data-element_type=\"widget\" data-widget_type=\"spacer.default\">\n\t\t\t\t<div class=\"elementor-widget-container\">\n\t\t\t\t\t<div class=\"elementor-spacer\">\n\t\t\t<div class=\"elementor-spacer-inner\"><\/div>\n\t\t<\/div>\n\t\t\t\t<\/div>\n\t\t\t\t<\/div>\n\t\t\t\t\t<\/div>\n\t\t<\/div>\n\t\t\t\t\t\t\t<\/div>\n\t\t<\/section>\n\t\t\t\t\t<\/div>\n\t\t<\/div>\n\t\t\t\t\t\t\t<\/div>\n\t\t<\/section>\n\t\t\t\t<section class=\"elementor-section elementor-top-section elementor-element elementor-element-79784c6c elementor-section-boxed elementor-section-height-default elementor-section-height-default\" data-id=\"79784c6c\" data-element_type=\"section\" data-settings=\"{&quot;background_background&quot;:&quot;classic&quot;}\">\n\t\t\t\t\t\t\t<div class=\"elementor-background-overlay\"><\/div>\n\t\t\t\t\t\t\t<div class=\"elementor-container elementor-column-gap-no\">\n\t\t\t\t\t<div class=\"elementor-column elementor-col-100 elementor-top-column elementor-element elementor-element-5561a74c\" data-id=\"5561a74c\" data-element_type=\"column\">\n\t\t\t<div class=\"elementor-widget-wrap elementor-element-populated\">\n\t\t\t\t\t\t\t\t<section class=\"elementor-section elementor-inner-section elementor-element elementor-element-57cd58e6 elementor-section-boxed elementor-section-height-default elementor-section-height-default\" data-id=\"57cd58e6\" data-element_type=\"section\">\n\t\t\t\t\t\t<div class=\"elementor-container elementor-column-gap-default\">\n\t\t\t\t\t<div class=\"elementor-column elementor-col-100 elementor-inner-column elementor-element elementor-element-732d65fb\" data-id=\"732d65fb\" data-element_type=\"column\">\n\t\t\t<div class=\"elementor-widget-wrap elementor-element-populated\">\n\t\t\t\t\t\t\t\t<div class=\"elementor-element elementor-element-d739cbc elementor-widget elementor-widget-spacer\" data-id=\"d739cbc\" data-element_type=\"widget\" data-widget_type=\"spacer.default\">\n\t\t\t\t<div class=\"elementor-widget-container\">\n\t\t\t\t\t<div class=\"elementor-spacer\">\n\t\t\t<div class=\"elementor-spacer-inner\"><\/div>\n\t\t<\/div>\n\t\t\t\t<\/div>\n\t\t\t\t<\/div>\n\t\t\t\t<div class=\"elementor-element elementor-element-7b69e50b call-to-action__title elementor-widget elementor-widget-heading\" data-id=\"7b69e50b\" data-element_type=\"widget\" data-widget_type=\"heading.default\">\n\t\t\t\t<div class=\"elementor-widget-container\">\n\t\t\t<h3 class=\"elementor-heading-title elementor-size-default\">Consulte sobre su Proyecto<\/h3>\t\t<\/div>\n\t\t\t\t<\/div>\n\t\t\t\t<div class=\"elementor-element elementor-element-4c81bdfc elementor-align-center elementor-widget elementor-widget-button\" data-id=\"4c81bdfc\" data-element_type=\"widget\" data-widget_type=\"button.default\">\n\t\t\t\t<div class=\"elementor-widget-container\">\n\t\t\t\t\t<div class=\"elementor-button-wrapper\">\n\t\t\t<a href=\"https:\/\/intersecta.cl\/arquitectura\/index.php\/contacto\/\" class=\"elementor-button-link elementor-button elementor-size-lg\" role=\"button\">\n\t\t\t\t\t\t<span class=\"elementor-button-content-wrapper\">\n\t\t\t\t\t\t<span class=\"elementor-button-text\">Trabajemos Juntos<\/span>\n\t\t<\/span>\n\t\t\t\t\t<\/a>\n\t\t<\/div>\n\t\t\t\t<\/div>\n\t\t\t\t<\/div>\n\t\t\t\t<div class=\"elementor-element elementor-element-7b27358d elementor-widget elementor-widget-spacer\" data-id=\"7b27358d\" data-element_type=\"widget\" data-widget_type=\"spacer.default\">\n\t\t\t\t<div class=\"elementor-widget-container\">\n\t\t\t\t\t<div class=\"elementor-spacer\">\n\t\t\t<div class=\"elementor-spacer-inner\"><\/div>\n\t\t<\/div>\n\t\t\t\t<\/div>\n\t\t\t\t<\/div>\n\t\t\t\t\t<\/div>\n\t\t<\/div>\n\t\t\t\t\t\t\t<\/div>\n\t\t<\/section>\n\t\t\t\t\t<\/div>\n\t\t<\/div>\n\t\t\t\t\t\t\t<\/div>\n\t\t<\/section>\n\t\t\t\t\t\t\t<\/div>\n\t\t","protected":false},"excerpt":{"rendered":"<p>Servicios Creamos un equipo experto para cada proyecto. Desarrollo de Proyectos Nuestra experiencia con \u00e1reas de infraestructura de grandes empresas,&#8230;<\/p>\n","protected":false},"author":1,"featured_media":0,"parent":0,"menu_order":0,"comment_status":"closed","ping_status":"closed","template":"","meta":[],"yoast_head":"<!-- This site is optimized with the Yoast SEO plugin v18.6 - https:\/\/yoast.com\/wordpress\/plugins\/seo\/ -->\n<title>Servicios - Intersecta I Proyectos<\/title>\n<meta name=\"robots\" content=\"index, follow, max-snippet:-1, max-image-preview:large, max-video-preview:-1\" \/>\n<link rel=\"canonical\" href=\"https:\/\/intersecta.cl\/arquitectura\/index.php\/servicios\/\" \/>\n<meta property=\"og:locale\" content=\"es_ES\" \/>\n<meta property=\"og:type\" content=\"article\" \/>\n<meta property=\"og:title\" content=\"Servicios - Intersecta I Proyectos\" \/>\n<meta property=\"og:description\" content=\"Servicios Creamos un equipo experto para cada proyecto. Desarrollo de Proyectos Nuestra experiencia con \u00e1reas de infraestructura de grandes empresas,...\" \/>\n<meta property=\"og:url\" content=\"https:\/\/intersecta.cl\/arquitectura\/index.php\/servicios\/\" \/>\n<meta property=\"og:site_name\" content=\"Intersecta I Proyectos\" \/>\n<meta property=\"article:modified_time\" content=\"2022-04-14T14:28:08+00:00\" \/>\n<meta name=\"twitter:card\" content=\"summary_large_image\" \/>\n<meta name=\"twitter:label1\" content=\"Est. reading time\" \/>\n\t<meta name=\"twitter:data1\" content=\"1 minuto\" \/>\n<script type=\"application\/ld+json\" class=\"yoast-schema-graph\">{\"@context\":\"https:\/\/schema.org\",\"@graph\":[{\"@type\":\"Organization\",\"@id\":\"https:\/\/intersecta.cl\/arquitectura\/#organization\",\"name\":\"Intersecta Proyectos SpA\",\"url\":\"https:\/\/intersecta.cl\/arquitectura\/\",\"sameAs\":[\"https:\/\/www.instagram.com\/intersecta_proyectos\/\",\"https:\/\/www.linkedin.com\/company\/intersecta\/\"],\"logo\":{\"@type\":\"ImageObject\",\"@id\":\"https:\/\/intersecta.cl\/arquitectura\/#logo\",\"inLanguage\":\"es-CL\",\"url\":\"https:\/\/i0.wp.com\/intersecta.cl\/arquitectura\/wp-content\/uploads\/2022\/03\/imagotipo-e1646164220461.png?fit=303%2C96&ssl=1\",\"contentUrl\":\"https:\/\/i0.wp.com\/intersecta.cl\/arquitectura\/wp-content\/uploads\/2022\/03\/imagotipo-e1646164220461.png?fit=303%2C96&ssl=1\",\"width\":303,\"height\":96,\"caption\":\"Intersecta Proyectos SpA\"},\"image\":{\"@id\":\"https:\/\/intersecta.cl\/arquitectura\/#logo\"}},{\"@type\":\"WebSite\",\"@id\":\"https:\/\/intersecta.cl\/arquitectura\/#website\",\"url\":\"https:\/\/intersecta.cl\/arquitectura\/\",\"name\":\"Intersecta I Proyectos\",\"description\":\"\",\"publisher\":{\"@id\":\"https:\/\/intersecta.cl\/arquitectura\/#organization\"},\"potentialAction\":[{\"@type\":\"SearchAction\",\"target\":{\"@type\":\"EntryPoint\",\"urlTemplate\":\"https:\/\/intersecta.cl\/arquitectura\/?s={search_term_string}\"},\"query-input\":\"required name=search_term_string\"}],\"inLanguage\":\"es-CL\"},{\"@type\":\"WebPage\",\"@id\":\"https:\/\/intersecta.cl\/arquitectura\/index.php\/servicios\/#webpage\",\"url\":\"https:\/\/intersecta.cl\/arquitectura\/index.php\/servicios\/\",\"name\":\"Servicios - Intersecta I Proyectos\",\"isPartOf\":{\"@id\":\"https:\/\/intersecta.cl\/arquitectura\/#website\"},\"datePublished\":\"2019-01-09T10:43:35+00:00\",\"dateModified\":\"2022-04-14T14:28:08+00:00\",\"breadcrumb\":{\"@id\":\"https:\/\/intersecta.cl\/arquitectura\/index.php\/servicios\/#breadcrumb\"},\"inLanguage\":\"es-CL\",\"potentialAction\":[{\"@type\":\"ReadAction\",\"target\":[\"https:\/\/intersecta.cl\/arquitectura\/index.php\/servicios\/\"]}]},{\"@type\":\"BreadcrumbList\",\"@id\":\"https:\/\/intersecta.cl\/arquitectura\/index.php\/servicios\/#breadcrumb\",\"itemListElement\":[{\"@type\":\"ListItem\",\"position\":1,\"name\":\"Portada\",\"item\":\"https:\/\/intersecta.cl\/arquitectura\/\"},{\"@type\":\"ListItem\",\"position\":2,\"name\":\"Servicios\"}]}]}<\/script>\n<!-- \/ Yoast SEO plugin. -->","yoast_head_json":{"title":"Servicios - Intersecta I Proyectos","robots":{"index":"index","follow":"follow","max-snippet":"max-snippet:-1","max-image-preview":"max-image-preview:large","max-video-preview":"max-video-preview:-1"},"canonical":"https:\/\/intersecta.cl\/arquitectura\/index.php\/servicios\/","og_locale":"es_ES","og_type":"article","og_title":"Servicios - Intersecta I Proyectos","og_description":"Servicios Creamos un equipo experto para cada proyecto. Desarrollo de Proyectos Nuestra experiencia con \u00e1reas de infraestructura de grandes empresas,...","og_url":"https:\/\/intersecta.cl\/arquitectura\/index.php\/servicios\/","og_site_name":"Intersecta I Proyectos","article_modified_time":"2022-04-14T14:28:08+00:00","twitter_card":"summary_large_image","twitter_misc":{"Est. reading time":"1 minuto"},"schema":{"@context":"https:\/\/schema.org","@graph":[{"@type":"Organization","@id":"https:\/\/intersecta.cl\/arquitectura\/#organization","name":"Intersecta Proyectos SpA","url":"https:\/\/intersecta.cl\/arquitectura\/","sameAs":["https:\/\/www.instagram.com\/intersecta_proyectos\/","https:\/\/www.linkedin.com\/company\/intersecta\/"],"logo":{"@type":"ImageObject","@id":"https:\/\/intersecta.cl\/arquitectura\/#logo","inLanguage":"es-CL","url":"https:\/\/i0.wp.com\/intersecta.cl\/arquitectura\/wp-content\/uploads\/2022\/03\/imagotipo-e1646164220461.png?fit=303%2C96&ssl=1","contentUrl":"https:\/\/i0.wp.com\/intersecta.cl\/arquitectura\/wp-content\/uploads\/2022\/03\/imagotipo-e1646164220461.png?fit=303%2C96&ssl=1","width":303,"height":96,"caption":"Intersecta Proyectos SpA"},"image":{"@id":"https:\/\/intersecta.cl\/arquitectura\/#logo"}},{"@type":"WebSite","@id":"https:\/\/intersecta.cl\/arquitectura\/#website","url":"https:\/\/intersecta.cl\/arquitectura\/","name":"Intersecta I Proyectos","description":"","publisher":{"@id":"https:\/\/intersecta.cl\/arquitectura\/#organization"},"potentialAction":[{"@type":"SearchAction","target":{"@type":"EntryPoint","urlTemplate":"https:\/\/intersecta.cl\/arquitectura\/?s={search_term_string}"},"query-input":"required name=search_term_string"}],"inLanguage":"es-CL"},{"@type":"WebPage","@id":"https:\/\/intersecta.cl\/arquitectura\/index.php\/servicios\/#webpage","url":"https:\/\/intersecta.cl\/arquitectura\/index.php\/servicios\/","name":"Servicios - Intersecta I Proyectos","isPartOf":{"@id":"https:\/\/intersecta.cl\/arquitectura\/#website"},"datePublished":"2019-01-09T10:43:35+00:00","dateModified":"2022-04-14T14:28:08+00:00","breadcrumb":{"@id":"https:\/\/intersecta.cl\/arquitectura\/index.php\/servicios\/#breadcrumb"},"inLanguage":"es-CL","potentialAction":[{"@type":"ReadAction","target":["https:\/\/intersecta.cl\/arquitectura\/index.php\/servicios\/"]}]},{"@type":"BreadcrumbList","@id":"https:\/\/intersecta.cl\/arquitectura\/index.php\/servicios\/#breadcrumb","itemListElement":[{"@type":"ListItem","position":1,"name":"Portada","item":"https:\/\/intersecta.cl\/arquitectura\/"},{"@type":"ListItem","position":2,"name":"Servicios"}]}]}},"_links":{"self":[{"href":"https:\/\/intersecta.cl\/arquitectura\/index.php\/wp-json\/wp\/v2\/pages\/463"}],"collection":[{"href":"https:\/\/intersecta.cl\/arquitectura\/index.php\/wp-json\/wp\/v2\/pages"}],"about":[{"href":"https:\/\/intersecta.cl\/arquitectura\/index.php\/wp-json\/wp\/v2\/types\/page"}],"author":[{"embeddable":true,"href":"https:\/\/intersecta.cl\/arquitectura\/index.php\/wp-json\/wp\/v2\/users\/1"}],"replies":[{"embeddable":true,"href":"https:\/\/intersecta.cl\/arquitectura\/index.php\/wp-json\/wp\/v2\/comments?post=463"}],"version-history":[{"count":65,"href":"https:\/\/intersecta.cl\/arquitectura\/index.php\/wp-json\/wp\/v2\/pages\/463\/revisions"}],"predecessor-version":[{"id":2899,"href":"https:\/\/intersecta.cl\/arquitectura\/index.php\/wp-json\/wp\/v2\/pages\/463\/revisions\/2899"}],"wp:attachment":[{"href":"https:\/\/intersecta.cl\/arquitectura\/index.php\/wp-json\/wp\/v2\/media?parent=463"}],"curies":[{"name":"wp","href":"https:\/\/api.w.org\/{rel}","templated":true}]}}