{"id":463,"date":"2019-01-09T10:43:35","date_gmt":"2019-01-09T10:43:35","guid":{"rendered":"https:\/\/demo.deothemes.com\/sedona\/?page_id=463"},"modified":"2022-04-14T11:29:00","modified_gmt":"2022-04-14T14:29:00","slug":"services","status":"publish","type":"page","link":"https:\/\/intersecta.cl\/gestioninmobiliaria\/index.php\/services\/","title":{"rendered":"Servicios"},"content":{"rendered":"\t\t<div data-elementor-type=\"wp-post\" data-elementor-id=\"463\" class=\"elementor elementor-463\">\n\t\t\t\t\t\t\t\t\t<section class=\"elementor-section elementor-top-section elementor-element elementor-element-8c54547 elementor-section-boxed elementor-section-height-default elementor-section-height-default\" data-id=\"8c54547\" data-element_type=\"section\" data-settings=\"{&quot;background_background&quot;:&quot;classic&quot;}\">\n\t\t\t\t\t\t\t<div class=\"elementor-background-overlay\"><\/div>\n\t\t\t\t\t\t\t<div class=\"elementor-container elementor-column-gap-no\">\n\t\t\t\t\t<div class=\"elementor-column elementor-col-100 elementor-top-column elementor-element elementor-element-533b6876\" data-id=\"533b6876\" data-element_type=\"column\" data-settings=\"{&quot;background_background&quot;:&quot;slideshow&quot;,&quot;background_slideshow_gallery&quot;:[],&quot;background_slideshow_loop&quot;:&quot;yes&quot;,&quot;background_slideshow_slide_duration&quot;:5000,&quot;background_slideshow_slide_transition&quot;:&quot;fade&quot;,&quot;background_slideshow_transition_duration&quot;:500}\">\n\t\t\t<div class=\"elementor-widget-wrap elementor-element-populated\">\n\t\t\t\t\t\t\t\t<section class=\"elementor-section elementor-inner-section elementor-element elementor-element-434a01af elementor-section-boxed elementor-section-height-default elementor-section-height-default\" data-id=\"434a01af\" data-element_type=\"section\">\n\t\t\t\t\t\t<div class=\"elementor-container elementor-column-gap-default\">\n\t\t\t\t\t<div class=\"elementor-column elementor-col-33 elementor-inner-column elementor-element elementor-element-3ede9e25\" data-id=\"3ede9e25\" data-element_type=\"column\">\n\t\t\t<div class=\"elementor-widget-wrap\">\n\t\t\t\t\t\t\t\t\t<\/div>\n\t\t<\/div>\n\t\t\t\t<div class=\"elementor-column elementor-col-33 elementor-inner-column elementor-element elementor-element-5c0ee719\" data-id=\"5c0ee719\" data-element_type=\"column\">\n\t\t\t<div class=\"elementor-widget-wrap elementor-element-populated\">\n\t\t\t\t\t\t\t\t<div class=\"elementor-element elementor-element-270e51e8 elementor-widget elementor-widget-spacer\" data-id=\"270e51e8\" data-element_type=\"widget\" data-widget_type=\"spacer.default\">\n\t\t\t\t<div class=\"elementor-widget-container\">\n\t\t\t<style>\/*! elementor - v3.6.4 - 13-04-2022 *\/\n.e-container.e-container--row .elementor-spacer-inner{width:var(--spacer-size)}.e-container.e-container--column .elementor-spacer-inner,.elementor-column .elementor-spacer-inner{height:var(--spacer-size)}<\/style>\t\t<div class=\"elementor-spacer\">\n\t\t\t<div class=\"elementor-spacer-inner\"><\/div>\n\t\t<\/div>\n\t\t\t\t<\/div>\n\t\t\t\t<\/div>\n\t\t\t\t<div class=\"elementor-element elementor-element-45dfa88f elementor-widget elementor-widget-heading\" data-id=\"45dfa88f\" data-element_type=\"widget\" data-widget_type=\"heading.default\">\n\t\t\t\t<div class=\"elementor-widget-container\">\n\t\t\t<style>\/*! elementor - v3.6.4 - 13-04-2022 *\/\n.elementor-heading-title{padding:0;margin:0;line-height:1}.elementor-widget-heading .elementor-heading-title[class*=elementor-size-]>a{color:inherit;font-size:inherit;line-height:inherit}.elementor-widget-heading .elementor-heading-title.elementor-size-small{font-size:15px}.elementor-widget-heading .elementor-heading-title.elementor-size-medium{font-size:19px}.elementor-widget-heading .elementor-heading-title.elementor-size-large{font-size:29px}.elementor-widget-heading .elementor-heading-title.elementor-size-xl{font-size:39px}.elementor-widget-heading .elementor-heading-title.elementor-size-xxl{font-size:59px}<\/style><h1 class=\"elementor-heading-title elementor-size-default\">Servicios<\/h1>\t\t<\/div>\n\t\t\t\t<\/div>\n\t\t\t\t<div class=\"elementor-element elementor-element-24b620b0 elementor-widget elementor-widget-text-editor\" data-id=\"24b620b0\" data-element_type=\"widget\" data-widget_type=\"text-editor.default\">\n\t\t\t\t<div class=\"elementor-widget-container\">\n\t\t\t<style>\/*! elementor - v3.6.4 - 13-04-2022 *\/\n.elementor-widget-text-editor.elementor-drop-cap-view-stacked .elementor-drop-cap{background-color:#818a91;color:#fff}.elementor-widget-text-editor.elementor-drop-cap-view-framed .elementor-drop-cap{color:#818a91;border:3px solid;background-color:transparent}.elementor-widget-text-editor:not(.elementor-drop-cap-view-default) .elementor-drop-cap{margin-top:8px}.elementor-widget-text-editor:not(.elementor-drop-cap-view-default) .elementor-drop-cap-letter{width:1em;height:1em}.elementor-widget-text-editor .elementor-drop-cap{float:left;text-align:center;line-height:1;font-size:50px}.elementor-widget-text-editor .elementor-drop-cap-letter{display:inline-block}<\/style>\t\t\t\t<p>Creamos un equipo experto para cada Proyecto.<\/p>\t\t\t\t\t\t<\/div>\n\t\t\t\t<\/div>\n\t\t\t\t<div class=\"elementor-element elementor-element-523a9ddd elementor-widget elementor-widget-spacer\" data-id=\"523a9ddd\" data-element_type=\"widget\" data-widget_type=\"spacer.default\">\n\t\t\t\t<div class=\"elementor-widget-container\">\n\t\t\t\t\t<div class=\"elementor-spacer\">\n\t\t\t<div class=\"elementor-spacer-inner\"><\/div>\n\t\t<\/div>\n\t\t\t\t<\/div>\n\t\t\t\t<\/div>\n\t\t\t\t\t<\/div>\n\t\t<\/div>\n\t\t\t\t<div class=\"elementor-column elementor-col-33 elementor-inner-column elementor-element elementor-element-3e381ec9\" data-id=\"3e381ec9\" data-element_type=\"column\">\n\t\t\t<div class=\"elementor-widget-wrap\">\n\t\t\t\t\t\t\t\t\t<\/div>\n\t\t<\/div>\n\t\t\t\t\t\t\t<\/div>\n\t\t<\/section>\n\t\t\t\t\t<\/div>\n\t\t<\/div>\n\t\t\t\t\t\t\t<\/div>\n\t\t<\/section>\n\t\t\t\t<section class=\"elementor-section elementor-top-section elementor-element elementor-element-4e2f98f elementor-section-boxed elementor-section-height-default elementor-section-height-default\" data-id=\"4e2f98f\" data-element_type=\"section\">\n\t\t\t\t\t\t<div class=\"elementor-container elementor-column-gap-default\">\n\t\t\t\t\t<div class=\"elementor-column elementor-col-100 elementor-top-column elementor-element elementor-element-4d1a206\" data-id=\"4d1a206\" data-element_type=\"column\">\n\t\t\t<div class=\"elementor-widget-wrap elementor-element-populated\">\n\t\t\t\t\t\t\t\t<div class=\"elementor-element elementor-element-3c43049 elementor-widget elementor-widget-spacer\" data-id=\"3c43049\" data-element_type=\"widget\" data-widget_type=\"spacer.default\">\n\t\t\t\t<div class=\"elementor-widget-container\">\n\t\t\t\t\t<div class=\"elementor-spacer\">\n\t\t\t<div class=\"elementor-spacer-inner\"><\/div>\n\t\t<\/div>\n\t\t\t\t<\/div>\n\t\t\t\t<\/div>\n\t\t\t\t<div class=\"elementor-element elementor-element-690a833 elementor-widget elementor-widget-spacer\" data-id=\"690a833\" data-element_type=\"widget\" data-widget_type=\"spacer.default\">\n\t\t\t\t<div class=\"elementor-widget-container\">\n\t\t\t\t\t<div class=\"elementor-spacer\">\n\t\t\t<div class=\"elementor-spacer-inner\"><\/div>\n\t\t<\/div>\n\t\t\t\t<\/div>\n\t\t\t\t<\/div>\n\t\t\t\t\t<\/div>\n\t\t<\/div>\n\t\t\t\t\t\t\t<\/div>\n\t\t<\/section>\n\t\t\t\t<section class=\"elementor-section elementor-top-section elementor-element elementor-element-29d0e94 elementor-section-boxed elementor-section-height-default elementor-section-height-default\" data-id=\"29d0e94\" data-element_type=\"section\">\n\t\t\t\t\t\t<div class=\"elementor-container elementor-column-gap-no\">\n\t\t\t\t\t<div class=\"elementor-column elementor-col-100 elementor-top-column elementor-element elementor-element-f217a50\" data-id=\"f217a50\" data-element_type=\"column\">\n\t\t\t<div class=\"elementor-widget-wrap elementor-element-populated\">\n\t\t\t\t\t\t\t\t<section class=\"elementor-section elementor-inner-section elementor-element elementor-element-2ac9c9e elementor-section-boxed elementor-section-height-default elementor-section-height-default\" data-id=\"2ac9c9e\" data-element_type=\"section\">\n\t\t\t\t\t\t<div class=\"elementor-container elementor-column-gap-default\">\n\t\t\t\t\t<div class=\"elementor-column elementor-col-100 elementor-inner-column elementor-element elementor-element-526e286\" data-id=\"526e286\" data-element_type=\"column\">\n\t\t\t<div class=\"elementor-widget-wrap elementor-element-populated\">\n\t\t\t\t\t\t\t\t<div class=\"elementor-element elementor-element-dad41bb elementor-widget elementor-widget-deo-widget-services\" data-id=\"dad41bb\" data-element_type=\"widget\" data-settings=\"{&quot;per_row&quot;:&quot;3&quot;}\" data-widget_type=\"deo-widget-services.default\">\n\t\t\t\t<div class=\"elementor-widget-container\">\n\t\t\t<div class=\"row card-row\">\t\t\t\t\t\t<div class=\"col-lg-4 col-md-6\">\r\n\t\t\t\t<div class=\"service-1 service-1--has-image post-2126 services type-services status-publish format-standard has-post-thumbnail hentry\">\r\n\t\t\t\t\t\r\n\t\t\t\t\t\t\t\t\t\t\t<a href=\"https:\/\/intersecta.cl\/gestioninmobiliaria\/index.php\/services\/asesoria-evaluacion-de-terrenos-o-propiedades\/\" class=\"service-1__url card\">\r\n\t\t\t\t\t\r\n\t\t\t\t\t\t\t\t\t\t\t\t\t<div class=\"service-1__thumb bg-dark-overlay--50\" style=\"background-image: url( https:\/\/i0.wp.com\/intersecta.cl\/gestioninmobiliaria\/wp-content\/uploads\/2022\/03\/IMG_5183.jpg?resize=350%2C501&#038;ssl=1)\">\r\n\t\t\t\t\t\t\t<\/div>\r\n\t\t\t\t\t\t\r\n\t\t\t\t\t\t<div class=\"service-1__info\">\r\n\t\t\t\t\t\t\t\t\t<h3 class=\"service-1__title\">\r\n\t\t\tEvaluaci\u00f3n de Terrenos o Propiedades\t\t<\/h3>\r\n\t\t\t\t\t\t\t\t\t<p class=\"service-1__text\">Intersecta Proyectos SpA tiene amplia experiencia en evaluaci\u00f3n inmobiliaria de terrenos y propiedades.<\/p>\t\t\t\t\t\t<\/div>\r\n\r\n\t\t\t\t\t\t<div class=\"service-1__footer card__footer\">\r\n\t\t\t\t\t\t\t\t\t\t<!-- Read More -->\r\n\t\t\t<span class=\"service-1__read-more read-more\">\r\n\t\t\t\t<span class=\"read-more__text\">\r\n\t\t\t\t\tLeer M\u00e1s\t\t\t\t<\/span>\r\n\t\t\t\t<i class=\"ui-arrow-right read-more__icon\"><\/i>\r\n\t\t\t<\/span>\r\n\t\t\t\t\t\t\t\t<\/div>\r\n\t\t\t\t\t\r\n\t\t\t\t\t\t\t\t\t\t\t<\/a>\r\n\t\t\t\t\t\r\n\t\t\t\t<\/div>\r\n\t\t\t<\/div>\r\n\r\n\t\t\t\t\t\t\t\t\t<div class=\"col-lg-4 col-md-6\">\r\n\t\t\t\t<div class=\"service-1 service-1--has-image post-230 services type-services status-publish format-standard has-post-thumbnail hentry\">\r\n\t\t\t\t\t\r\n\t\t\t\t\t\t\t\t\t\t\t<a href=\"https:\/\/intersecta.cl\/gestioninmobiliaria\/index.php\/services\/gestion-y-desarrollos-proyectos\/\" class=\"service-1__url card\">\r\n\t\t\t\t\t\r\n\t\t\t\t\t\t\t\t\t\t\t\t\t<div class=\"service-1__thumb bg-dark-overlay--50\" style=\"background-image: url( https:\/\/i0.wp.com\/intersecta.cl\/gestioninmobiliaria\/wp-content\/uploads\/2019\/04\/sedona-process-1-min.jpg?resize=350%2C410&#038;ssl=1)\">\r\n\t\t\t\t\t\t\t<\/div>\r\n\t\t\t\t\t\t\r\n\t\t\t\t\t\t<div class=\"service-1__info\">\r\n\t\t\t\t\t\t\t\t\t<h3 class=\"service-1__title\">\r\n\t\t\tGesti\u00f3n y Desarrollo de Proyectos\t\t<\/h3>\r\n\t\t\t\t\t\t\t\t\t<p class=\"service-1__text\">Prestamos una asesor\u00eda y gesti\u00f3n integral en el desarrollo de sus proyectos inmobiliarios, en cualquier magnitud, conformando equipos con los especialistas adecuados.<\/p>\t\t\t\t\t\t<\/div>\r\n\r\n\t\t\t\t\t\t<div class=\"service-1__footer card__footer\">\r\n\t\t\t\t\t\t\t\t\t\t<!-- Read More -->\r\n\t\t\t<span class=\"service-1__read-more read-more\">\r\n\t\t\t\t<span class=\"read-more__text\">\r\n\t\t\t\t\tLeer M\u00e1s\t\t\t\t<\/span>\r\n\t\t\t\t<i class=\"ui-arrow-right read-more__icon\"><\/i>\r\n\t\t\t<\/span>\r\n\t\t\t\t\t\t\t\t<\/div>\r\n\t\t\t\t\t\r\n\t\t\t\t\t\t\t\t\t\t\t<\/a>\r\n\t\t\t\t\t\r\n\t\t\t\t<\/div>\r\n\t\t\t<\/div>\r\n\r\n\t\t\t\t\t\t\t\t\t<div class=\"col-lg-4 col-md-6\">\r\n\t\t\t\t<div class=\"service-1 service-1--has-image post-231 services type-services status-publish format-standard has-post-thumbnail hentry\">\r\n\t\t\t\t\t\r\n\t\t\t\t\t\t\t\t\t\t\t<a href=\"https:\/\/intersecta.cl\/gestioninmobiliaria\/index.php\/services\/gestion-venta\/\" class=\"service-1__url card\">\r\n\t\t\t\t\t\r\n\t\t\t\t\t\t\t\t\t\t\t\t\t<div class=\"service-1__thumb bg-dark-overlay--50\" style=\"background-image: url( https:\/\/i0.wp.com\/intersecta.cl\/gestioninmobiliaria\/wp-content\/uploads\/2022\/03\/contrato1.jpg?resize=350%2C501&#038;ssl=1)\">\r\n\t\t\t\t\t\t\t<\/div>\r\n\t\t\t\t\t\t\r\n\t\t\t\t\t\t<div class=\"service-1__info\">\r\n\t\t\t\t\t\t\t\t\t<h3 class=\"service-1__title\">\r\n\t\t\tGesti\u00f3n de Venta\t\t<\/h3>\r\n\t\t\t\t\t\t\t\t\t<p class=\"service-1__text\">Como parte de nuestra asesor\u00eda integral, ofrecemos a nuestros clientes la gesti\u00f3n de venta de sus propiedades. <\/p>\t\t\t\t\t\t<\/div>\r\n\r\n\t\t\t\t\t\t<div class=\"service-1__footer card__footer\">\r\n\t\t\t\t\t\t\t\t\t\t<!-- Read More -->\r\n\t\t\t<span class=\"service-1__read-more read-more\">\r\n\t\t\t\t<span class=\"read-more__text\">\r\n\t\t\t\t\tLeer M\u00e1s\t\t\t\t<\/span>\r\n\t\t\t\t<i class=\"ui-arrow-right read-more__icon\"><\/i>\r\n\t\t\t<\/span>\r\n\t\t\t\t\t\t\t\t<\/div>\r\n\t\t\t\t\t\r\n\t\t\t\t\t\t\t\t\t\t\t<\/a>\r\n\t\t\t\t\t\r\n\t\t\t\t<\/div>\r\n\t\t\t<\/div>\r\n\r\n\t\t\t\t\t\t\t\t\t<div class=\"col-lg-4 col-md-6\">\r\n\t\t\t\t<div class=\"service-1 service-1--has-image post-232 services type-services status-publish format-standard has-post-thumbnail hentry\">\r\n\t\t\t\t\t\r\n\t\t\t\t\t\t\t\t\t\t\t<a href=\"https:\/\/intersecta.cl\/gestioninmobiliaria\/index.php\/services\/gestion-tramitaciones\/\" class=\"service-1__url card\">\r\n\t\t\t\t\t\r\n\t\t\t\t\t\t\t\t\t\t\t\t\t<div class=\"service-1__thumb bg-dark-overlay--50\" style=\"background-image: url( https:\/\/i0.wp.com\/intersecta.cl\/gestioninmobiliaria\/wp-content\/uploads\/2022\/04\/PARQUEQUINTERO2.jpg?resize=350%2C501&#038;ssl=1)\">\r\n\t\t\t\t\t\t\t<\/div>\r\n\t\t\t\t\t\t\r\n\t\t\t\t\t\t<div class=\"service-1__info\">\r\n\t\t\t\t\t\t\t\t\t<h3 class=\"service-1__title\">\r\n\t\t\tGesti\u00f3n y Tramitaciones\t\t<\/h3>\r\n\t\t\t\t\t\t\t\t\t<p class=\"service-1__text\">Nuestros servicios contemplan todas las gestiones y tr\u00e1mites asociados a los inmuebles. Desde simples subdivisiones hasta el saneamiento de propiedades o sus inscripciones.<\/p>\t\t\t\t\t\t<\/div>\r\n\r\n\t\t\t\t\t\t<div class=\"service-1__footer card__footer\">\r\n\t\t\t\t\t\t\t\t\t\t<!-- Read More -->\r\n\t\t\t<span class=\"service-1__read-more read-more\">\r\n\t\t\t\t<span class=\"read-more__text\">\r\n\t\t\t\t\tLeer M\u00e1s\t\t\t\t<\/span>\r\n\t\t\t\t<i class=\"ui-arrow-right read-more__icon\"><\/i>\r\n\t\t\t<\/span>\r\n\t\t\t\t\t\t\t\t<\/div>\r\n\t\t\t\t\t\r\n\t\t\t\t\t\t\t\t\t\t\t<\/a>\r\n\t\t\t\t\t\r\n\t\t\t\t<\/div>\r\n\t\t\t<\/div>\r\n\r\n\t\t\t\t\t\t\t\t\t<div class=\"col-lg-4 col-md-6\">\r\n\t\t\t\t<div class=\"service-1 service-1--has-image post-2467 services type-services status-publish format-standard has-post-thumbnail hentry\">\r\n\t\t\t\t\t\r\n\t\t\t\t\t\t\t\t\t\t\t<a href=\"https:\/\/intersecta.cl\/arquitectura\" class=\"service-1__url card\">\r\n\t\t\t\t\t\r\n\t\t\t\t\t\t\t\t\t\t\t\t\t<div class=\"service-1__thumb bg-dark-overlay--50\" style=\"background-image: url( https:\/\/i0.wp.com\/intersecta.cl\/gestioninmobiliaria\/wp-content\/uploads\/2019\/01\/P1240551-1.jpg?resize=350%2C501&#038;ssl=1)\">\r\n\t\t\t\t\t\t\t<\/div>\r\n\t\t\t\t\t\t\r\n\t\t\t\t\t\t<div class=\"service-1__info\">\r\n\t\t\t\t\t\t\t\t\t<h3 class=\"service-1__title\">\r\n\t\t\tOficina de Arquitectura\t\t<\/h3>\r\n\t\t\t\t\t\t\t\t\t<p class=\"service-1__text\">Nuestra Oficina de Arquitectura posee m\u00e1s de 15 a\u00f1os de experiencia en desarrollo y gerencia de proyectos, \ninspecci\u00f3n t\u00e9cnica y gesti\u00f3n inmobiliaria, entre otros.<\/p>\t\t\t\t\t\t<\/div>\r\n\r\n\t\t\t\t\t\t<div class=\"service-1__footer card__footer\">\r\n\t\t\t\t\t\t\t\t\t\t<!-- Read More -->\r\n\t\t\t<span class=\"service-1__read-more read-more\">\r\n\t\t\t\t<span class=\"read-more__text\">\r\n\t\t\t\t\tLeer M\u00e1s\t\t\t\t<\/span>\r\n\t\t\t\t<i class=\"ui-arrow-right read-more__icon\"><\/i>\r\n\t\t\t<\/span>\r\n\t\t\t\t\t\t\t\t<\/div>\r\n\t\t\t\t\t\r\n\t\t\t\t\t\t\t\t\t\t\t<\/a>\r\n\t\t\t\t\t\r\n\t\t\t\t<\/div>\r\n\t\t\t<\/div>\r\n\r\n\t\t\t<\/div>\t\t<\/div>\n\t\t\t\t<\/div>\n\t\t\t\t<div class=\"elementor-element elementor-element-8800019 elementor-widget elementor-widget-spacer\" data-id=\"8800019\" data-element_type=\"widget\" data-widget_type=\"spacer.default\">\n\t\t\t\t<div class=\"elementor-widget-container\">\n\t\t\t\t\t<div class=\"elementor-spacer\">\n\t\t\t<div class=\"elementor-spacer-inner\"><\/div>\n\t\t<\/div>\n\t\t\t\t<\/div>\n\t\t\t\t<\/div>\n\t\t\t\t\t<\/div>\n\t\t<\/div>\n\t\t\t\t\t\t\t<\/div>\n\t\t<\/section>\n\t\t\t\t\t<\/div>\n\t\t<\/div>\n\t\t\t\t\t\t\t<\/div>\n\t\t<\/section>\n\t\t\t\t<section class=\"elementor-section elementor-top-section elementor-element elementor-element-79784c6c elementor-section-boxed elementor-section-height-default elementor-section-height-default\" data-id=\"79784c6c\" data-element_type=\"section\" data-settings=\"{&quot;background_background&quot;:&quot;classic&quot;}\">\n\t\t\t\t\t\t\t<div class=\"elementor-background-overlay\"><\/div>\n\t\t\t\t\t\t\t<div class=\"elementor-container elementor-column-gap-no\">\n\t\t\t\t\t<div class=\"elementor-column elementor-col-100 elementor-top-column elementor-element elementor-element-5561a74c\" data-id=\"5561a74c\" data-element_type=\"column\" data-settings=\"{&quot;background_background&quot;:&quot;classic&quot;}\">\n\t\t\t<div class=\"elementor-widget-wrap elementor-element-populated\">\n\t\t\t\t\t\t\t\t<section class=\"elementor-section elementor-inner-section elementor-element elementor-element-57cd58e6 elementor-section-boxed elementor-section-height-default elementor-section-height-default\" data-id=\"57cd58e6\" data-element_type=\"section\" data-settings=\"{&quot;background_background&quot;:&quot;classic&quot;}\">\n\t\t\t\t\t\t<div class=\"elementor-container elementor-column-gap-default\">\n\t\t\t\t\t<div class=\"elementor-column elementor-col-100 elementor-inner-column elementor-element elementor-element-732d65fb\" data-id=\"732d65fb\" data-element_type=\"column\">\n\t\t\t<div class=\"elementor-widget-wrap elementor-element-populated\">\n\t\t\t\t\t\t\t\t<div class=\"elementor-element elementor-element-d739cbc elementor-widget elementor-widget-spacer\" data-id=\"d739cbc\" data-element_type=\"widget\" data-widget_type=\"spacer.default\">\n\t\t\t\t<div class=\"elementor-widget-container\">\n\t\t\t\t\t<div class=\"elementor-spacer\">\n\t\t\t<div class=\"elementor-spacer-inner\"><\/div>\n\t\t<\/div>\n\t\t\t\t<\/div>\n\t\t\t\t<\/div>\n\t\t\t\t<div class=\"elementor-element elementor-element-7b69e50b call-to-action__title elementor-widget elementor-widget-heading\" data-id=\"7b69e50b\" data-element_type=\"widget\" data-widget_type=\"heading.default\">\n\t\t\t\t<div class=\"elementor-widget-container\">\n\t\t\t<h3 class=\"elementor-heading-title elementor-size-default\">Consulte sobre su Proyecto<\/h3>\t\t<\/div>\n\t\t\t\t<\/div>\n\t\t\t\t<div class=\"elementor-element elementor-element-2932b573 elementor-widget elementor-widget-spacer\" data-id=\"2932b573\" data-element_type=\"widget\" data-widget_type=\"spacer.default\">\n\t\t\t\t<div class=\"elementor-widget-container\">\n\t\t\t\t\t<div class=\"elementor-spacer\">\n\t\t\t<div class=\"elementor-spacer-inner\"><\/div>\n\t\t<\/div>\n\t\t\t\t<\/div>\n\t\t\t\t<\/div>\n\t\t\t\t<div class=\"elementor-element elementor-element-4c81bdfc elementor-align-center elementor-widget elementor-widget-button\" data-id=\"4c81bdfc\" data-element_type=\"widget\" data-widget_type=\"button.default\">\n\t\t\t\t<div class=\"elementor-widget-container\">\n\t\t\t\t\t<div class=\"elementor-button-wrapper\">\n\t\t\t<a href=\"https:\/\/intersecta.cl\/gestioninmobiliaria\/index.php\/contacto\/\" class=\"elementor-button-link elementor-button elementor-size-lg\" role=\"button\">\n\t\t\t\t\t\t<span class=\"elementor-button-content-wrapper\">\n\t\t\t\t\t\t<span class=\"elementor-button-text\">Trabajemos Juntos<\/span>\n\t\t<\/span>\n\t\t\t\t\t<\/a>\n\t\t<\/div>\n\t\t\t\t<\/div>\n\t\t\t\t<\/div>\n\t\t\t\t<div class=\"elementor-element elementor-element-7b27358d elementor-widget elementor-widget-spacer\" data-id=\"7b27358d\" data-element_type=\"widget\" data-widget_type=\"spacer.default\">\n\t\t\t\t<div class=\"elementor-widget-container\">\n\t\t\t\t\t<div class=\"elementor-spacer\">\n\t\t\t<div class=\"elementor-spacer-inner\"><\/div>\n\t\t<\/div>\n\t\t\t\t<\/div>\n\t\t\t\t<\/div>\n\t\t\t\t\t<\/div>\n\t\t<\/div>\n\t\t\t\t\t\t\t<\/div>\n\t\t<\/section>\n\t\t\t\t\t<\/div>\n\t\t<\/div>\n\t\t\t\t\t\t\t<\/div>\n\t\t<\/section>\n\t\t\t\t\t\t\t<\/div>\n\t\t","protected":false},"excerpt":{"rendered":"<p>Servicios Creamos un equipo experto para cada Proyecto. Evaluaci\u00f3n de Terrenos o Propiedades Intersecta Proyectos SpA tiene amplia experiencia en&#8230;<\/p>\n","protected":false},"author":1,"featured_media":0,"parent":0,"menu_order":0,"comment_status":"closed","ping_status":"closed","template":"","meta":{"spay_email":""},"_links":{"self":[{"href":"https:\/\/intersecta.cl\/gestioninmobiliaria\/index.php\/wp-json\/wp\/v2\/pages\/463"}],"collection":[{"href":"https:\/\/intersecta.cl\/gestioninmobiliaria\/index.php\/wp-json\/wp\/v2\/pages"}],"about":[{"href":"https:\/\/intersecta.cl\/gestioninmobiliaria\/index.php\/wp-json\/wp\/v2\/types\/page"}],"author":[{"embeddable":true,"href":"https:\/\/intersecta.cl\/gestioninmobiliaria\/index.php\/wp-json\/wp\/v2\/users\/1"}],"replies":[{"embeddable":true,"href":"https:\/\/intersecta.cl\/gestioninmobiliaria\/index.php\/wp-json\/wp\/v2\/comments?post=463"}],"version-history":[{"count":27,"href":"https:\/\/intersecta.cl\/gestioninmobiliaria\/index.php\/wp-json\/wp\/v2\/pages\/463\/revisions"}],"predecessor-version":[{"id":2886,"href":"https:\/\/intersecta.cl\/gestioninmobiliaria\/index.php\/wp-json\/wp\/v2\/pages\/463\/revisions\/2886"}],"wp:attachment":[{"href":"https:\/\/intersecta.cl\/gestioninmobiliaria\/index.php\/wp-json\/wp\/v2\/media?parent=463"}],"curies":[{"name":"wp","href":"https:\/\/api.w.org\/{rel}","templated":true}]}}